{"id":2437,"date":"2024-11-08T13:31:10","date_gmt":"2024-11-08T13:31:10","guid":{"rendered":"https:\/\/garden-event.fr\/?page_id=2437"},"modified":"2024-11-08T13:36:05","modified_gmt":"2024-11-08T13:36:05","slug":"mentions-legales","status":"publish","type":"page","link":"https:\/\/garden-event.fr\/en\/mentions-legales\/","title":{"rendered":"Legal notices"},"content":{"rendered":"<div data-elementor-type=\"wp-page\" data-elementor-id=\"2437\" class=\"elementor elementor-2437\" data-elementor-post-type=\"page\">\n\t\t\t\t<div class=\"elementor-element elementor-element-ecfca3d e-con-full pageHead e-flex e-con e-parent\" data-id=\"ecfca3d\" data-element_type=\"container\" data-settings=\"{&quot;background_background&quot;:&quot;classic&quot;}\">\n\t\t<div class=\"elementor-element elementor-element-8f134a5 e-con-full e-flex e-con e-child\" data-id=\"8f134a5\" data-element_type=\"container\">\n\t\t\t\t<div class=\"elementor-element elementor-element-834d47c elementor-widget elementor-widget-image\" data-id=\"834d47c\" data-element_type=\"widget\" data-widget_type=\"image.default\">\n\t\t\t\t<div class=\"elementor-widget-container\">\n\t\t\t\t\t\t\t\t\t\t\t\t\t\t\t\t<a href=\"#elementor-action%3Aaction%3Dpopup%3Aopen%26settings%3DeyJpZCI6IjE2MDIiLCJ0b2dnbGUiOmZhbHNlfQ%3D%3D\">\n\t\t\t\t\t\t\t<img decoding=\"async\" width=\"39\" height=\"28\" src=\"https:\/\/garden-event.fr\/wp-content\/uploads\/2024\/10\/menu-toggle.png\" class=\"attachment-full size-full wp-image-1608\" alt=\"\" \/>\t\t\t\t\t\t\t\t<\/a>\n\t\t\t\t\t\t\t\t\t\t\t\t\t\t\t<\/div>\n\t\t\t\t<\/div>\n\t\t\t\t<\/div>\n\t\t<div class=\"elementor-element elementor-element-66636ad e-con-full e-flex e-con e-child\" data-id=\"66636ad\" data-element_type=\"container\">\n\t\t\t\t<div class=\"elementor-element elementor-element-54ce545 elementor-widget elementor-widget-image\" data-id=\"54ce545\" data-element_type=\"widget\" data-widget_type=\"image.default\">\n\t\t\t\t<div class=\"elementor-widget-container\">\n\t\t\t\t\t\t\t\t\t\t\t\t\t\t\t<img decoding=\"async\" width=\"280\" height=\"115\" src=\"https:\/\/garden-event.fr\/wp-content\/uploads\/2024\/10\/hero03logo.png\" class=\"attachment-full size-full wp-image-1254\" alt=\"\" \/>\t\t\t\t\t\t\t\t\t\t\t\t\t\t\t<\/div>\n\t\t\t\t<\/div>\n\t\t\t\t<\/div>\n\t\t<div class=\"elementor-element elementor-element-0d958fe e-con-full e-flex e-con e-child\" data-id=\"0d958fe\" data-element_type=\"container\">\n\t\t\t\t<div class=\"elementor-element elementor-element-3255514 elementor-widget elementor-widget-spacer\" data-id=\"3255514\" data-element_type=\"widget\" data-widget_type=\"spacer.default\">\n\t\t\t\t<div class=\"elementor-widget-container\">\n\t\t\t\t\t\t\t<div class=\"elementor-spacer\">\n\t\t\t<div class=\"elementor-spacer-inner\"><\/div>\n\t\t<\/div>\n\t\t\t\t\t\t<\/div>\n\t\t\t\t<\/div>\n\t\t\t\t<\/div>\n\t\t\t\t<\/div>\n\t\t<div class=\"elementor-element elementor-element-b3879e8 e-con-full bannerhero e-flex e-con e-parent\" data-id=\"b3879e8\" data-element_type=\"container\">\n\t\t<div class=\"elementor-element elementor-element-9c2fd74 e-con-full animated-slow e-flex elementor-invisible e-con e-child\" data-id=\"9c2fd74\" data-element_type=\"container\" data-settings=\"{&quot;background_background&quot;:&quot;classic&quot;,&quot;animation&quot;:&quot;fadeInDown&quot;}\">\n\t\t\t\t<div class=\"elementor-element elementor-element-1b238a6 animated-slow elementor-invisible elementor-widget elementor-widget-heading\" data-id=\"1b238a6\" data-element_type=\"widget\" data-settings=\"{&quot;_animation&quot;:&quot;fadeInUp&quot;,&quot;_animation_delay&quot;:200}\" data-widget_type=\"heading.default\">\n\t\t\t\t<div class=\"elementor-widget-container\">\n\t\t\t\t\t<h3 class=\"elementor-heading-title elementor-size-default\">Private Events<\/h3>\t\t\t\t<\/div>\n\t\t\t\t<\/div>\n\t\t\t\t<div class=\"elementor-element elementor-element-4ae75be animated-slow elementor-invisible elementor-widget elementor-widget-text-editor\" data-id=\"4ae75be\" data-element_type=\"widget\" data-settings=\"{&quot;_animation&quot;:&quot;fadeInUp&quot;,&quot;_animation_delay&quot;:400}\" data-widget_type=\"text-editor.default\">\n\t\t\t\t<div class=\"elementor-widget-container\">\n\t\t\t\t\t\t\t\t\t<p class=\"translation-block\">Garden Event, experts in organising personal events, designs unique plant experiences <br>to transform your receptions and celebrations.<\/p>\t\t\t\t\t\t\t\t<\/div>\n\t\t\t\t<\/div>\n\t\t\t\t<\/div>\n\t\t\t\t<\/div>\n\t\t<div class=\"elementor-element elementor-element-cf0b05e e-flex e-con-boxed e-con e-parent\" data-id=\"cf0b05e\" data-element_type=\"container\">\n\t\t\t\t\t<div class=\"e-con-inner\">\n\t\t<div class=\"elementor-element elementor-element-7b06bb6 e-con-full e-flex e-con e-child\" data-id=\"7b06bb6\" data-element_type=\"container\">\n\t\t\t\t<div class=\"elementor-element elementor-element-aabf9d9 animated-slow elementor-invisible elementor-widget elementor-widget-heading\" data-id=\"aabf9d9\" data-element_type=\"widget\" data-settings=\"{&quot;_animation&quot;:&quot;fadeInUp&quot;}\" data-widget_type=\"heading.default\">\n\t\t\t\t<div class=\"elementor-widget-container\">\n\t\t\t\t\t<h2 class=\"elementor-heading-title elementor-size-default\">Legal notices<\/h2>\t\t\t\t<\/div>\n\t\t\t\t<\/div>\n\t\t\t\t<div class=\"elementor-element elementor-element-e053e07 animated-slow elementor-invisible elementor-widget elementor-widget-text-editor\" data-id=\"e053e07\" data-element_type=\"widget\" data-settings=\"{&quot;_animation&quot;:&quot;fadeInUp&quot;,&quot;_animation_delay&quot;:200}\" data-widget_type=\"text-editor.default\">\n\t\t\t\t<div class=\"elementor-widget-container\">\n\t\t\t\t\t\t\t\t\t<p><strong>Propri\u00e9taire du site :<\/strong><br \/>Garden Expo<br \/>36 rue de Saint Martin, 77580 Voulangis<br \/>SIRET : 533 861 688 00018<br \/>Email : info@groupegarden.fr<\/p><p><strong>Directeur de la publication :<\/strong><br \/>Laurent Orecchini<br \/>Garden Expo<\/p><p><strong>H\u00e9bergeur :<\/strong><br \/>GROUPE CELESTE &#8211; Nuxit<\/p><p>20 rue Albert Einstein, 77420 Champs sur Marne<\/p><p><strong>Droits d\u2019auteur et propri\u00e9t\u00e9 intellectuelle :<\/strong><br \/>Le contenu du site (textes, images, graphismes, logo, ic\u00f4nes, etc.) est la propri\u00e9t\u00e9 exclusive de Garden Expo, sauf mention contraire. Toute reproduction, distribution, modification, adaptation, retransmission ou publication, m\u00eame partielle, de ces diff\u00e9rents \u00e9l\u00e9ments est strictement interdite sans l\u2019accord \u00e9crit de Garden Expo.<\/p><p><strong>Protection des donn\u00e9es personnelles :<\/strong><br \/>Les informations personnelles recueillies sur le site sont exclusivement destin\u00e9es \u00e0 Garden Expo pour le traitement des demandes. Conform\u00e9ment \u00e0 la loi \u201cInformatique et Libert\u00e9s\u201d du 6 janvier 1978 modifi\u00e9e et au R\u00e8glement G\u00e9n\u00e9ral sur la Protection des Donn\u00e9es (RGPD), vous disposez d\u2019un droit d\u2019acc\u00e8s, de rectification, de suppression et d\u2019opposition aux donn\u00e9es personnelles vous concernant.<\/p><p>Pour exercer ces droits, vous pouvez nous contacter par courrier \u00e0 l\u2019adresse suivante :<br \/>Garden Expo<br \/>36 rue de Saint Martin, 77580 Voulangis<br \/>ou par email : info@groupegarden.fr<\/p><p><strong>Cookies :<\/strong><br \/>Le site peut \u00eatre amen\u00e9 \u00e0 utiliser des cookies pour am\u00e9liorer l&rsquo;exp\u00e9rience utilisateur et pour des raisons de statistiques. En naviguant sur ce site, vous acceptez l\u2019utilisation de cookies. Vous avez la possibilit\u00e9 de d\u00e9sactiver les cookies en modifiant les param\u00e8tres de votre navigateur.<\/p><p><strong>Limitation de responsabilit\u00e9 :<\/strong><br \/>Garden Expo met tout en \u0153uvre pour fournir des informations fiables sur son site mais ne peut garantir l&rsquo;exactitude, la compl\u00e9tude et l&rsquo;actualit\u00e9 des informations diffus\u00e9es. En cons\u00e9quence, l&rsquo;utilisateur reconna\u00eet utiliser ces informations sous sa responsabilit\u00e9 exclusive.<\/p>\t\t\t\t\t\t\t\t<\/div>\n\t\t\t\t<\/div>\n\t\t\t\t<\/div>\n\t\t\t\t\t<\/div>\n\t\t\t\t<\/div>\n\t\t<div class=\"elementor-element elementor-element-5b1d69e e-flex e-con-boxed e-con e-parent\" data-id=\"5b1d69e\" data-element_type=\"container\" data-settings=\"{&quot;background_background&quot;:&quot;classic&quot;}\">\n\t\t\t\t\t<div class=\"e-con-inner\">\n\t\t<div class=\"elementor-element elementor-element-c146f26 e-flex e-con-boxed e-con e-child\" data-id=\"c146f26\" data-element_type=\"container\">\n\t\t\t\t\t<div class=\"e-con-inner\">\n\t\t<div class=\"elementor-element elementor-element-72618be e-con-full e-flex e-con e-child\" data-id=\"72618be\" data-element_type=\"container\">\n\t\t\t\t<div class=\"elementor-element elementor-element-7d30c6b elementor-widget elementor-widget-image\" data-id=\"7d30c6b\" data-element_type=\"widget\" data-widget_type=\"image.default\">\n\t\t\t\t<div class=\"elementor-widget-container\">\n\t\t\t\t\t\t\t\t\t\t\t\t\t\t\t\t<a href=\"https:\/\/legroupegarden.fr\/\">\n\t\t\t\t\t\t\t<img fetchpriority=\"high\" decoding=\"async\" width=\"486\" height=\"114\" src=\"https:\/\/garden-event.fr\/wp-content\/uploads\/2024\/11\/web-logo.png\" class=\"attachment-full size-full wp-image-2423\" alt=\"\" srcset=\"https:\/\/garden-event.fr\/wp-content\/uploads\/2024\/11\/web-logo.png 486w, https:\/\/garden-event.fr\/wp-content\/uploads\/2024\/11\/web-logo-300x70.png 300w\" sizes=\"(max-width: 486px) 100vw, 486px\" \/>\t\t\t\t\t\t\t\t<\/a>\n\t\t\t\t\t\t\t\t\t\t\t\t\t\t\t<\/div>\n\t\t\t\t<\/div>\n\t\t\t\t<\/div>\n\t\t<div class=\"elementor-element elementor-element-0006af8 e-con-full e-flex e-con e-child\" data-id=\"0006af8\" data-element_type=\"container\">\n\t\t\t\t<div class=\"elementor-element elementor-element-284efd2 elementor-widget elementor-widget-image\" data-id=\"284efd2\" data-element_type=\"widget\" data-widget_type=\"image.default\">\n\t\t\t\t<div class=\"elementor-widget-container\">\n\t\t\t\t\t\t\t\t\t\t\t\t\t\t\t\t<a href=\"https:\/\/garden-expo.fr\/\">\n\t\t\t\t\t\t\t<img loading=\"lazy\" decoding=\"async\" width=\"280\" height=\"136\" src=\"https:\/\/garden-event.fr\/wp-content\/uploads\/2024\/11\/hero02logo.png\" class=\"attachment-full size-full wp-image-2424\" alt=\"\" \/>\t\t\t\t\t\t\t\t<\/a>\n\t\t\t\t\t\t\t\t\t\t\t\t\t\t\t<\/div>\n\t\t\t\t<\/div>\n\t\t\t\t<div class=\"elementor-element elementor-element-ee49933 elementor-widget elementor-widget-image\" data-id=\"ee49933\" data-element_type=\"widget\" data-widget_type=\"image.default\">\n\t\t\t\t<div class=\"elementor-widget-container\">\n\t\t\t\t\t\t\t\t\t\t\t\t\t\t\t\t<a href=\"https:\/\/garden-event.fr\/en\/\">\n\t\t\t\t\t\t\t<img loading=\"lazy\" decoding=\"async\" width=\"280\" height=\"115\" src=\"https:\/\/garden-event.fr\/wp-content\/uploads\/2024\/11\/hero03logo.png\" class=\"attachment-full size-full wp-image-2425\" alt=\"\" \/>\t\t\t\t\t\t\t\t<\/a>\n\t\t\t\t\t\t\t\t\t\t\t\t\t\t\t<\/div>\n\t\t\t\t<\/div>\n\t\t\t\t<div class=\"elementor-element elementor-element-4cc5f27 elementor-widget elementor-widget-image\" data-id=\"4cc5f27\" data-element_type=\"widget\" data-widget_type=\"image.default\">\n\t\t\t\t<div class=\"elementor-widget-container\">\n\t\t\t\t\t\t\t\t\t\t\t\t\t\t\t\t<a href=\"https:\/\/www.mademoisellejules.fr\/\">\n\t\t\t\t\t\t\t<img loading=\"lazy\" decoding=\"async\" width=\"268\" height=\"235\" src=\"https:\/\/garden-event.fr\/wp-content\/uploads\/2024\/11\/hero04logo.png\" class=\"attachment-full size-full wp-image-2426\" alt=\"\" \/>\t\t\t\t\t\t\t\t<\/a>\n\t\t\t\t\t\t\t\t\t\t\t\t\t\t\t<\/div>\n\t\t\t\t<\/div>\n\t\t\t\t<div class=\"elementor-element elementor-element-bc6b12c elementor-widget elementor-widget-image\" data-id=\"bc6b12c\" data-element_type=\"widget\" data-widget_type=\"image.default\">\n\t\t\t\t<div class=\"elementor-widget-container\">\n\t\t\t\t\t\t\t\t\t\t\t\t\t\t\t\t<a href=\"https:\/\/www.expoflora.fr\/\">\n\t\t\t\t\t\t\t<img loading=\"lazy\" decoding=\"async\" width=\"224\" height=\"160\" src=\"https:\/\/garden-event.fr\/wp-content\/uploads\/2024\/11\/hero01logo.png\" class=\"attachment-full size-full wp-image-2427\" alt=\"\" \/>\t\t\t\t\t\t\t\t<\/a>\n\t\t\t\t\t\t\t\t\t\t\t\t\t\t\t<\/div>\n\t\t\t\t<\/div>\n\t\t\t\t<\/div>\n\t\t<div class=\"elementor-element elementor-element-b3a447c e-flex e-con-boxed e-con e-child\" data-id=\"b3a447c\" data-element_type=\"container\">\n\t\t\t\t\t<div class=\"e-con-inner\">\n\t\t\t\t<div class=\"elementor-element elementor-element-9aa5c9f elementor-shape-rounded elementor-grid-0 elementor-widget elementor-widget-social-icons\" data-id=\"9aa5c9f\" data-element_type=\"widget\" data-widget_type=\"social-icons.default\">\n\t\t\t\t<div class=\"elementor-widget-container\">\n\t\t\t\t\t\t\t<div class=\"elementor-social-icons-wrapper elementor-grid\" role=\"list\">\n\t\t\t\t\t\t\t<span class=\"elementor-grid-item\" role=\"listitem\">\n\t\t\t\t\t<a class=\"elementor-icon elementor-social-icon elementor-social-icon-facebook-f elementor-repeater-item-f126a7e\" href=\"https:\/\/www.facebook.com\/people\/Groupe-Garden-Expo\/100086475414346\/\" target=\"_blank\">\n\t\t\t\t\t\t<span class=\"elementor-screen-only\">Facebook-f<\/span>\n\t\t\t\t\t\t<svg aria-hidden=\"true\" class=\"e-font-icon-svg e-fab-facebook-f\" viewbox=\"0 0 320 512\" xmlns=\"http:\/\/www.w3.org\/2000\/svg\"><path d=\"M279.14 288l14.22-92.66h-88.91v-60.13c0-25.35 12.42-50.06 52.24-50.06h40.42V6.26S260.43 0 225.36 0c-73.22 0-121.08 44.38-121.08 124.72v70.62H22.89V288h81.39v224h100.17V288z\"><\/path><\/svg>\t\t\t\t\t<\/a>\n\t\t\t\t<\/span>\n\t\t\t\t\t\t\t<span class=\"elementor-grid-item\" role=\"listitem\">\n\t\t\t\t\t<a class=\"elementor-icon elementor-social-icon elementor-social-icon-instagram elementor-repeater-item-198109f\" href=\"https:\/\/www.instagram.com\/groupegarden\/\" target=\"_blank\">\n\t\t\t\t\t\t<span class=\"elementor-screen-only\">Instagram<\/span>\n\t\t\t\t\t\t<svg aria-hidden=\"true\" class=\"e-font-icon-svg e-fab-instagram\" viewbox=\"0 0 448 512\" xmlns=\"http:\/\/www.w3.org\/2000\/svg\"><path d=\"M224.1 141c-63.6 0-114.9 51.3-114.9 114.9s51.3 114.9 114.9 114.9S339 319.5 339 255.9 287.7 141 224.1 141zm0 189.6c-41.1 0-74.7-33.5-74.7-74.7s33.5-74.7 74.7-74.7 74.7 33.5 74.7 74.7-33.6 74.7-74.7 74.7zm146.4-194.3c0 14.9-12 26.8-26.8 26.8-14.9 0-26.8-12-26.8-26.8s12-26.8 26.8-26.8 26.8 12 26.8 26.8zm76.1 27.2c-1.7-35.9-9.9-67.7-36.2-93.9-26.2-26.2-58-34.4-93.9-36.2-37-2.1-147.9-2.1-184.9 0-35.8 1.7-67.6 9.9-93.9 36.1s-34.4 58-36.2 93.9c-2.1 37-2.1 147.9 0 184.9 1.7 35.9 9.9 67.7 36.2 93.9s58 34.4 93.9 36.2c37 2.1 147.9 2.1 184.9 0 35.9-1.7 67.7-9.9 93.9-36.2 26.2-26.2 34.4-58 36.2-93.9 2.1-37 2.1-147.8 0-184.8zM398.8 388c-7.8 19.6-22.9 34.7-42.6 42.6-29.5 11.7-99.5 9-132.1 9s-102.7 2.6-132.1-9c-19.6-7.8-34.7-22.9-42.6-42.6-11.7-29.5-9-99.5-9-132.1s-2.6-102.7 9-132.1c7.8-19.6 22.9-34.7 42.6-42.6 29.5-11.7 99.5-9 132.1-9s102.7-2.6 132.1 9c19.6 7.8 34.7 22.9 42.6 42.6 11.7 29.5 9 99.5 9 132.1s2.7 102.7-9 132.1z\"><\/path><\/svg>\t\t\t\t\t<\/a>\n\t\t\t\t<\/span>\n\t\t\t\t\t\t\t<span class=\"elementor-grid-item\" role=\"listitem\">\n\t\t\t\t\t<a class=\"elementor-icon elementor-social-icon elementor-social-icon-linkedin elementor-repeater-item-41e1891\" href=\"https:\/\/www.linkedin.com\/company\/groupe-garden1\/posts\/?feedView=all\" target=\"_blank\">\n\t\t\t\t\t\t<span class=\"elementor-screen-only\">Linkedin<\/span>\n\t\t\t\t\t\t<svg aria-hidden=\"true\" class=\"e-font-icon-svg e-fab-linkedin\" viewbox=\"0 0 448 512\" xmlns=\"http:\/\/www.w3.org\/2000\/svg\"><path d=\"M416 32H31.9C14.3 32 0 46.5 0 64.3v383.4C0 465.5 14.3 480 31.9 480H416c17.6 0 32-14.5 32-32.3V64.3c0-17.8-14.4-32.3-32-32.3zM135.4 416H69V202.2h66.5V416zm-33.2-243c-21.3 0-38.5-17.3-38.5-38.5S80.9 96 102.2 96c21.2 0 38.5 17.3 38.5 38.5 0 21.3-17.2 38.5-38.5 38.5zm282.1 243h-66.4V312c0-24.8-.5-56.7-34.5-56.7-34.6 0-39.9 27-39.9 54.9V416h-66.4V202.2h63.7v29.2h.9c8.9-16.8 30.6-34.5 62.9-34.5 67.2 0 79.7 44.3 79.7 101.9V416z\"><\/path><\/svg>\t\t\t\t\t<\/a>\n\t\t\t\t<\/span>\n\t\t\t\t\t<\/div>\n\t\t\t\t\t\t<\/div>\n\t\t\t\t<\/div>\n\t\t\t\t\t<\/div>\n\t\t\t\t<\/div>\n\t\t\t\t\t<\/div>\n\t\t\t\t<\/div>\n\t\t<div class=\"elementor-element elementor-element-c169fd4 e-con-full e-flex e-con e-child\" data-id=\"c169fd4\" data-element_type=\"container\">\n\t\t<div class=\"elementor-element elementor-element-31cbaa1 e-con-full e-flex e-con e-child\" data-id=\"31cbaa1\" data-element_type=\"container\">\n\t\t\t\t<div class=\"elementor-element elementor-element-1013a0b elementor-widget elementor-widget-heading\" data-id=\"1013a0b\" data-element_type=\"widget\" data-widget_type=\"heading.default\">\n\t\t\t\t<div class=\"elementor-widget-container\">\n\t\t\t\t\t<span class=\"elementor-heading-title elementor-size-default\">Copyright GROUPE GARDEN 2024<\/span>\t\t\t\t<\/div>\n\t\t\t\t<\/div>\n\t\t\t\t<\/div>\n\t\t<div class=\"elementor-element elementor-element-ef634d8 e-con-full e-flex e-con e-child\" data-id=\"ef634d8\" data-element_type=\"container\">\n\t\t\t\t<div class=\"elementor-element elementor-element-45b2ed4 elementor-widget elementor-widget-heading\" data-id=\"45b2ed4\" data-element_type=\"widget\" data-widget_type=\"heading.default\">\n\t\t\t\t<div class=\"elementor-widget-container\">\n\t\t\t\t\t<span class=\"elementor-heading-title elementor-size-default\"><a href=\"https:\/\/slush.fr\">Webdesign SLUSH.FR<\/a><\/span>\t\t\t\t<\/div>\n\t\t\t\t<\/div>\n\t\t\t\t<\/div>\n\t\t\t\t<\/div>\n\t\t\t\t\t<\/div>\n\t\t\t\t<\/div>\n\t\t\t\t<\/div>","protected":false},"excerpt":{"rendered":"<p>\u00c9v\u00e9nements Priv\u00e9s Garden Event, sp\u00e9cialiste en organisation d&rsquo;\u00e9v\u00e9nements priv\u00e9s, con\u00e7oit des exp\u00e9riences v\u00e9g\u00e9tales uniques pour transformer vos r\u00e9ceptions et c\u00e9l\u00e9brations. Mentions l\u00e9gales Propri\u00e9taire du site :Garden Expo36 rue de Saint Martin, 77580 VoulangisSIRET : 533 861 688 00018Email : info@groupegarden.fr Directeur de la publication :Laurent OrecchiniGarden Expo H\u00e9bergeur :GROUPE CELESTE &#8211; Nuxit 20 rue Albert [&hellip;]<\/p>","protected":false},"author":1,"featured_media":0,"parent":0,"menu_order":0,"comment_status":"closed","ping_status":"closed","template":"elementor_header_footer","meta":{"footnotes":""},"class_list":["post-2437","page","type-page","status-publish","hentry"],"yoast_head":"<!-- This site is optimized with the Yoast SEO plugin v26.6 - https:\/\/yoast.com\/wordpress\/plugins\/seo\/ -->\n<title>GARDEN EVENT - Mentions l\u00e9gales<\/title>\n<meta name=\"description\" content=\"Sp\u00e9cialiste en organisation d\u2019\u00e9v\u00e9nements priv\u00e9s, conception d&#039;exp\u00e9riences v\u00e9g\u00e9tales uniques pour transformer vos r\u00e9ceptions et c\u00e9l\u00e9brations.\" \/>\n<meta name=\"robots\" content=\"index, follow, max-snippet:-1, max-image-preview:large, max-video-preview:-1\" \/>\n<link rel=\"canonical\" href=\"https:\/\/garden-event.fr\/en\/mentions-legales\/\" \/>\n<meta property=\"og:locale\" content=\"en_GB\" \/>\n<meta property=\"og:type\" content=\"article\" \/>\n<meta property=\"og:title\" content=\"GARDEN EVENT - Mentions l\u00e9gales\" \/>\n<meta property=\"og:description\" content=\"Sp\u00e9cialiste en organisation d\u2019\u00e9v\u00e9nements priv\u00e9s, conception d&#039;exp\u00e9riences v\u00e9g\u00e9tales uniques pour transformer vos r\u00e9ceptions et c\u00e9l\u00e9brations.\" \/>\n<meta property=\"og:url\" content=\"https:\/\/garden-event.fr\/en\/mentions-legales\/\" \/>\n<meta property=\"og:site_name\" content=\"GARDEN EVENT\" \/>\n<meta property=\"article:modified_time\" content=\"2024-11-08T13:36:05+00:00\" \/>\n<meta property=\"og:image\" content=\"https:\/\/garden-event.fr\/wp-content\/uploads\/2024\/10\/menu-toggle.png\" \/>\n\t<meta property=\"og:image:width\" content=\"39\" \/>\n\t<meta property=\"og:image:height\" content=\"28\" \/>\n\t<meta property=\"og:image:type\" content=\"image\/png\" \/>\n<meta name=\"twitter:card\" content=\"summary_large_image\" \/>\n<meta name=\"twitter:label1\" content=\"Estimated reading time\" \/>\n\t<meta name=\"twitter:data1\" content=\"3 minutes\" \/>\n<script type=\"application\/ld+json\" class=\"yoast-schema-graph\">{\"@context\":\"https:\/\/schema.org\",\"@graph\":[{\"@type\":\"WebPage\",\"@id\":\"https:\/\/garden-event.fr\/mentions-legales\/\",\"url\":\"https:\/\/garden-event.fr\/mentions-legales\/\",\"name\":\"GARDEN EVENT - Mentions l\u00e9gales\",\"isPartOf\":{\"@id\":\"https:\/\/garden-event.fr\/#website\"},\"primaryImageOfPage\":{\"@id\":\"https:\/\/garden-event.fr\/mentions-legales\/#primaryimage\"},\"image\":{\"@id\":\"https:\/\/garden-event.fr\/mentions-legales\/#primaryimage\"},\"thumbnailUrl\":\"https:\/\/garden-event.fr\/wp-content\/uploads\/2024\/10\/menu-toggle.png\",\"datePublished\":\"2024-11-08T13:31:10+00:00\",\"dateModified\":\"2024-11-08T13:36:05+00:00\",\"description\":\"Sp\u00e9cialiste en organisation d\u2019\u00e9v\u00e9nements priv\u00e9s, conception d'exp\u00e9riences v\u00e9g\u00e9tales uniques pour transformer vos r\u00e9ceptions et c\u00e9l\u00e9brations.\",\"breadcrumb\":{\"@id\":\"https:\/\/garden-event.fr\/mentions-legales\/#breadcrumb\"},\"inLanguage\":\"en-GB\",\"potentialAction\":[{\"@type\":\"ReadAction\",\"target\":[\"https:\/\/garden-event.fr\/mentions-legales\/\"]}]},{\"@type\":\"ImageObject\",\"inLanguage\":\"en-GB\",\"@id\":\"https:\/\/garden-event.fr\/mentions-legales\/#primaryimage\",\"url\":\"https:\/\/garden-event.fr\/wp-content\/uploads\/2024\/10\/menu-toggle.png\",\"contentUrl\":\"https:\/\/garden-event.fr\/wp-content\/uploads\/2024\/10\/menu-toggle.png\"},{\"@type\":\"BreadcrumbList\",\"@id\":\"https:\/\/garden-event.fr\/mentions-legales\/#breadcrumb\",\"itemListElement\":[{\"@type\":\"ListItem\",\"position\":1,\"name\":\"Accueil\",\"item\":\"https:\/\/garden-event.fr\/\"},{\"@type\":\"ListItem\",\"position\":2,\"name\":\"Mentions l\u00e9gales\"}]},{\"@type\":\"WebSite\",\"@id\":\"https:\/\/garden-event.fr\/#website\",\"url\":\"https:\/\/garden-event.fr\/\",\"name\":\"GARDEN EVENT\",\"description\":\"D\u00e9coration florale pour \u00e9v\u00e9nements priv\u00e9s et corporatifs\",\"potentialAction\":[{\"@type\":\"SearchAction\",\"target\":{\"@type\":\"EntryPoint\",\"urlTemplate\":\"https:\/\/garden-event.fr\/?s={search_term_string}\"},\"query-input\":{\"@type\":\"PropertyValueSpecification\",\"valueRequired\":true,\"valueName\":\"search_term_string\"}}],\"inLanguage\":\"en-GB\"}]}<\/script>\n<!-- \/ Yoast SEO plugin. -->","yoast_head_json":{"title":"GARDEN EVENT - Mentions l\u00e9gales","description":"Sp\u00e9cialiste en organisation d\u2019\u00e9v\u00e9nements priv\u00e9s, conception d'exp\u00e9riences v\u00e9g\u00e9tales uniques pour transformer vos r\u00e9ceptions et c\u00e9l\u00e9brations.","robots":{"index":"index","follow":"follow","max-snippet":"max-snippet:-1","max-image-preview":"max-image-preview:large","max-video-preview":"max-video-preview:-1"},"canonical":"https:\/\/garden-event.fr\/en\/mentions-legales\/","og_locale":"en_GB","og_type":"article","og_title":"GARDEN EVENT - Mentions l\u00e9gales","og_description":"Sp\u00e9cialiste en organisation d\u2019\u00e9v\u00e9nements priv\u00e9s, conception d'exp\u00e9riences v\u00e9g\u00e9tales uniques pour transformer vos r\u00e9ceptions et c\u00e9l\u00e9brations.","og_url":"https:\/\/garden-event.fr\/en\/mentions-legales\/","og_site_name":"GARDEN EVENT","article_modified_time":"2024-11-08T13:36:05+00:00","og_image":[{"width":39,"height":28,"url":"https:\/\/garden-event.fr\/wp-content\/uploads\/2024\/10\/menu-toggle.png","type":"image\/png"}],"twitter_card":"summary_large_image","twitter_misc":{"Estimated reading time":"3 minutes"},"schema":{"@context":"https:\/\/schema.org","@graph":[{"@type":"WebPage","@id":"https:\/\/garden-event.fr\/mentions-legales\/","url":"https:\/\/garden-event.fr\/mentions-legales\/","name":"GARDEN EVENT - Mentions l\u00e9gales","isPartOf":{"@id":"https:\/\/garden-event.fr\/#website"},"primaryImageOfPage":{"@id":"https:\/\/garden-event.fr\/mentions-legales\/#primaryimage"},"image":{"@id":"https:\/\/garden-event.fr\/mentions-legales\/#primaryimage"},"thumbnailUrl":"https:\/\/garden-event.fr\/wp-content\/uploads\/2024\/10\/menu-toggle.png","datePublished":"2024-11-08T13:31:10+00:00","dateModified":"2024-11-08T13:36:05+00:00","description":"Sp\u00e9cialiste en organisation d\u2019\u00e9v\u00e9nements priv\u00e9s, conception d'exp\u00e9riences v\u00e9g\u00e9tales uniques pour transformer vos r\u00e9ceptions et c\u00e9l\u00e9brations.","breadcrumb":{"@id":"https:\/\/garden-event.fr\/mentions-legales\/#breadcrumb"},"inLanguage":"en-GB","potentialAction":[{"@type":"ReadAction","target":["https:\/\/garden-event.fr\/mentions-legales\/"]}]},{"@type":"ImageObject","inLanguage":"en-GB","@id":"https:\/\/garden-event.fr\/mentions-legales\/#primaryimage","url":"https:\/\/garden-event.fr\/wp-content\/uploads\/2024\/10\/menu-toggle.png","contentUrl":"https:\/\/garden-event.fr\/wp-content\/uploads\/2024\/10\/menu-toggle.png"},{"@type":"BreadcrumbList","@id":"https:\/\/garden-event.fr\/mentions-legales\/#breadcrumb","itemListElement":[{"@type":"ListItem","position":1,"name":"Accueil","item":"https:\/\/garden-event.fr\/"},{"@type":"ListItem","position":2,"name":"Mentions l\u00e9gales"}]},{"@type":"WebSite","@id":"https:\/\/garden-event.fr\/#website","url":"https:\/\/garden-event.fr\/","name":"GARDEN EVENT","description":"D\u00e9coration florale pour \u00e9v\u00e9nements priv\u00e9s et corporatifs","potentialAction":[{"@type":"SearchAction","target":{"@type":"EntryPoint","urlTemplate":"https:\/\/garden-event.fr\/?s={search_term_string}"},"query-input":{"@type":"PropertyValueSpecification","valueRequired":true,"valueName":"search_term_string"}}],"inLanguage":"en-GB"}]}},"_links":{"self":[{"href":"https:\/\/garden-event.fr\/en\/wp-json\/wp\/v2\/pages\/2437","targetHints":{"allow":["GET"]}}],"collection":[{"href":"https:\/\/garden-event.fr\/en\/wp-json\/wp\/v2\/pages"}],"about":[{"href":"https:\/\/garden-event.fr\/en\/wp-json\/wp\/v2\/types\/page"}],"author":[{"embeddable":true,"href":"https:\/\/garden-event.fr\/en\/wp-json\/wp\/v2\/users\/1"}],"replies":[{"embeddable":true,"href":"https:\/\/garden-event.fr\/en\/wp-json\/wp\/v2\/comments?post=2437"}],"version-history":[{"count":4,"href":"https:\/\/garden-event.fr\/en\/wp-json\/wp\/v2\/pages\/2437\/revisions"}],"predecessor-version":[{"id":2441,"href":"https:\/\/garden-event.fr\/en\/wp-json\/wp\/v2\/pages\/2437\/revisions\/2441"}],"wp:attachment":[{"href":"https:\/\/garden-event.fr\/en\/wp-json\/wp\/v2\/media?parent=2437"}],"curies":[{"name":"wp","href":"https:\/\/api.w.org\/{rel}","templated":true}]}}